{"id":183,"date":"2018-01-16T15:24:07","date_gmt":"2018-01-16T14:24:07","guid":{"rendered":"http:\/\/icfoto.cz\/?page_id=183"},"modified":"2019-12-04T21:43:27","modified_gmt":"2019-12-04T20:43:27","slug":"portrety-2","status":"publish","type":"page","link":"https:\/\/icfoto.cz\/?page_id=183","title":{"rendered":"Nab\u00eddka"},"content":{"rendered":"\n<p>Mohu nab\u00eddnout focen\u00ed:<\/p>\n\n\n\n<pre class=\"wp-block-preformatted\">- svateb\n- narozenin a oslav\n- pr\u016fkazov\u00e9 fotografie\n- portr\u00e9tn\u00ed foto \n- \u0161koln\u00ed focen\u00ed\n- akce a report\u00e1\u017ee (ud\u00e1losti m\u011bst, sportovn\u00ed akce apod.)\n- leteck\u00e9 foto\n- produktov\u00e9 foto\n- videoprezentace a tvorba kr\u00e1tk\u00fdch film\u016f\n\n\nD\u00e1le mohu nab\u00eddnou n\u00e1sleduj\u00edc\u00ed slu\u017eby:\n- SCAN fotek a film\u016f\n- p\u0159evod VHS kazet na mp4 (digitalizace)\n- potisk DVD\n<\/pre>\n\n\n\n<p><\/p>\n","protected":false},"excerpt":{"rendered":"<p>Mohu nab\u00eddnout focen\u00ed: &#8211; svateb &#8211; narozenin a oslav &#8211; pr\u016fkazov\u00e9 fotografie &#8211; portr\u00e9tn\u00ed foto &#8211; \u0161koln\u00ed focen\u00ed &#8211; akce a report\u00e1\u017ee (ud\u00e1losti m\u011bst, sportovn\u00ed akce apod.) &#8211; leteck\u00e9 foto &#8211; produktov\u00e9 foto &#8211; videoprezentace a tvorba kr\u00e1tk\u00fdch film\u016f D\u00e1le mohu nab\u00eddnou n\u00e1sleduj\u00edc\u00ed slu\u017eby: &#8211; SCAN fotek a film\u016f &#8211; p\u0159evod VHS kazet na mp4 (digitalizace) &#8211; potisk DVD<\/p>\n","protected":false},"author":1,"featured_media":0,"parent":0,"menu_order":0,"comment_status":"closed","ping_status":"closed","template":"","meta":[],"_links":{"self":[{"href":"https:\/\/icfoto.cz\/index.php?rest_route=\/wp\/v2\/pages\/183"}],"collection":[{"href":"https:\/\/icfoto.cz\/index.php?rest_route=\/wp\/v2\/pages"}],"about":[{"href":"https:\/\/icfoto.cz\/index.php?rest_route=\/wp\/v2\/types\/page"}],"author":[{"embeddable":true,"href":"https:\/\/icfoto.cz\/index.php?rest_route=\/wp\/v2\/users\/1"}],"replies":[{"embeddable":true,"href":"https:\/\/icfoto.cz\/index.php?rest_route=%2Fwp%2Fv2%2Fcomments&post=183"}],"version-history":[{"count":3,"href":"https:\/\/icfoto.cz\/index.php?rest_route=\/wp\/v2\/pages\/183\/revisions"}],"predecessor-version":[{"id":388,"href":"https:\/\/icfoto.cz\/index.php?rest_route=\/wp\/v2\/pages\/183\/revisions\/388"}],"wp:attachment":[{"href":"https:\/\/icfoto.cz\/index.php?rest_route=%2Fwp%2Fv2%2Fmedia&parent=183"}],"curies":[{"name":"wp","href":"https:\/\/api.w.org\/{rel}","templated":true}]}}