{"id":381,"date":"2019-12-04T21:11:19","date_gmt":"2019-12-04T20:11:19","guid":{"rendered":"http:\/\/icfoto.cz\/?page_id=381"},"modified":"2019-12-04T21:11:52","modified_gmt":"2019-12-04T20:11:52","slug":"ivo-cygryd-fotograf","status":"publish","type":"page","link":"https:\/\/icfoto.cz\/?page_id=381","title":{"rendered":"Ivo Cygr\u00fdd &#8211; Fotograf"},"content":{"rendered":"\n<p>Nepromarn\u011bte \u017e\u00e1dn\u00fd okam\u017eik!<\/p>\n\n\n\n<figure class=\"wp-block-image size-large\"><img decoding=\"async\" loading=\"lazy\" width=\"1024\" height=\"325\" src=\"http:\/\/icfoto.cz\/wp-content\/uploads\/2019\/11\/tatry-1-1024x325.jpg\" alt=\"\" class=\"wp-image-264\" srcset=\"https:\/\/icfoto.cz\/wp-content\/uploads\/2019\/11\/tatry-1-1024x325.jpg 1024w, https:\/\/icfoto.cz\/wp-content\/uploads\/2019\/11\/tatry-1-300x95.jpg 300w, https:\/\/icfoto.cz\/wp-content\/uploads\/2019\/11\/tatry-1-768x244.jpg 768w, https:\/\/icfoto.cz\/wp-content\/uploads\/2019\/11\/tatry-1-1536x488.jpg 1536w, https:\/\/icfoto.cz\/wp-content\/uploads\/2019\/11\/tatry-1.jpg 1920w\" sizes=\"(max-width: 1024px) 100vw, 1024px\" \/><\/figure>\n","protected":false},"excerpt":{"rendered":"<p>Nepromarn\u011bte \u017e\u00e1dn\u00fd okam\u017eik!<\/p>\n","protected":false},"author":1,"featured_media":264,"parent":234,"menu_order":0,"comment_status":"closed","ping_status":"closed","template":"","meta":[],"_links":{"self":[{"href":"https:\/\/icfoto.cz\/index.php?rest_route=\/wp\/v2\/pages\/381"}],"collection":[{"href":"https:\/\/icfoto.cz\/index.php?rest_route=\/wp\/v2\/pages"}],"about":[{"href":"https:\/\/icfoto.cz\/index.php?rest_route=\/wp\/v2\/types\/page"}],"author":[{"embeddable":true,"href":"https:\/\/icfoto.cz\/index.php?rest_route=\/wp\/v2\/users\/1"}],"replies":[{"embeddable":true,"href":"https:\/\/icfoto.cz\/index.php?rest_route=%2Fwp%2Fv2%2Fcomments&post=381"}],"version-history":[{"count":1,"href":"https:\/\/icfoto.cz\/index.php?rest_route=\/wp\/v2\/pages\/381\/revisions"}],"predecessor-version":[{"id":382,"href":"https:\/\/icfoto.cz\/index.php?rest_route=\/wp\/v2\/pages\/381\/revisions\/382"}],"up":[{"embeddable":true,"href":"https:\/\/icfoto.cz\/index.php?rest_route=\/wp\/v2\/pages\/234"}],"wp:featuredmedia":[{"embeddable":true,"href":"https:\/\/icfoto.cz\/index.php?rest_route=\/wp\/v2\/media\/264"}],"wp:attachment":[{"href":"https:\/\/icfoto.cz\/index.php?rest_route=%2Fwp%2Fv2%2Fmedia&parent=381"}],"curies":[{"name":"wp","href":"https:\/\/api.w.org\/{rel}","templated":true}]}}