{"id":82,"date":"2017-01-12T20:21:00","date_gmt":"2017-01-12T19:21:00","guid":{"rendered":"http:\/\/icfoto.cz\/?page_id=82"},"modified":"2023-04-15T13:19:14","modified_gmt":"2023-04-15T11:19:14","slug":"blog-novinky-odkazy","status":"publish","type":"page","link":"https:\/\/icfoto.cz\/?page_id=82","title":{"rendered":"Novinky, odkazy"},"content":{"rendered":"\n<h2 class=\"wp-block-heading\">Praha 2023<\/h2>\n\n\n\n<h4 class=\"wp-block-heading\"><a href=\"https:\/\/icfoto.cz\/?page_id=640\">galerie zde <\/a><\/h4>\n\n\n\n<p><\/p>\n\n\n\n<figure class=\"wp-block-image size-large is-resized\" id=\"icfoto.cz\/?page_id=640\"><a href=\"https:\/\/icfoto.cz\/?page_id=640\"><img decoding=\"async\" loading=\"lazy\" src=\"http:\/\/icfoto.cz\/wp-content\/uploads\/2023\/04\/01-1024x683.jpg\" alt=\"\" class=\"wp-image-636\" width=\"463\" height=\"309\" srcset=\"https:\/\/icfoto.cz\/wp-content\/uploads\/2023\/04\/01-1024x683.jpg 1024w, https:\/\/icfoto.cz\/wp-content\/uploads\/2023\/04\/01-300x200.jpg 300w, https:\/\/icfoto.cz\/wp-content\/uploads\/2023\/04\/01-768x512.jpg 768w, https:\/\/icfoto.cz\/wp-content\/uploads\/2023\/04\/01-1536x1024.jpg 1536w, https:\/\/icfoto.cz\/wp-content\/uploads\/2023\/04\/01.jpg 1800w\" sizes=\"(max-width: 463px) 100vw, 463px\" \/><\/a><\/figure>\n\n\n\n<p><\/p>\n\n\n\n<h3 class=\"wp-block-heading\">Nassfeld 2023<\/h3>\n\n\n\n<p><\/p>\n\n\n\n<h4 class=\"wp-block-heading\"><a href=\"https:\/\/icfoto.cz\/?p=592\" data-type=\"URL\" data-id=\"https:\/\/icfoto.cz\/?p=592\">galerie zde <\/a><\/h4>\n\n\n\n<figure class=\"wp-block-image size-large is-resized\"><a href=\"https:\/\/icfoto.cz\/?p=592\"><img decoding=\"async\" loading=\"lazy\" src=\"http:\/\/icfoto.cz\/wp-content\/uploads\/2023\/02\/327271258_579935700273038_218216263750527702_n-1-1024x461.jpg\" alt=\"\" class=\"wp-image-517\" width=\"457\" height=\"206\" srcset=\"https:\/\/icfoto.cz\/wp-content\/uploads\/2023\/02\/327271258_579935700273038_218216263750527702_n-1-1024x461.jpg 1024w, https:\/\/icfoto.cz\/wp-content\/uploads\/2023\/02\/327271258_579935700273038_218216263750527702_n-1-300x135.jpg 300w, https:\/\/icfoto.cz\/wp-content\/uploads\/2023\/02\/327271258_579935700273038_218216263750527702_n-1-768x346.jpg 768w, https:\/\/icfoto.cz\/wp-content\/uploads\/2023\/02\/327271258_579935700273038_218216263750527702_n-1-1536x691.jpg 1536w, https:\/\/icfoto.cz\/wp-content\/uploads\/2023\/02\/327271258_579935700273038_218216263750527702_n-1-2048x922.jpg 2048w\" sizes=\"(max-width: 457px) 100vw, 457px\" \/><\/a><\/figure>\n\n\n\n<h2 class=\"wp-block-heading\">****<\/h2>\n\n\n\n<h2 class=\"wp-block-heading\">Str\u00e1\u017en\u00e1 27.10.2022 &#8211; 360\u00b0 <\/h2>\n\n\n\n<blockquote data-width=\"900\" data-height=\"375\" class=\"ricoh-theta-spherical-image\" >Str\u00e1\u017en\u00e1 27.10.2022 #theta360 &#8211; <a href=\"https:\/\/theta360.com\/s\/B4SdYG25IpAn0WwbuOye8mfI\" target=\"_blank\" rel=\"noopener\">Spherical Image &#8211; RICOH THETA<\/a><\/blockquote>\n<script async src=\"https:\/\/theta360.com\/widgets.js\" charset=\"utf-8\"><\/script>\n\n\n\n<p><\/p>\n\n\n\n<h2 class=\"wp-block-heading\">Boz\u00e9\u0148ov 360\u00b0 &#8211; 2021<\/h2>\n\n\n\n<blockquote data-width=\"900\" data-height=\"375\" class=\"ricoh-theta-spherical-image\" >Boz\u00e9\u0148ov 2021 #theta360 &#8211; <a href=\"https:\/\/theta360.com\/s\/oza5gGcUfxOqXpXzNOiuXR7HE\" target=\"_blank\" rel=\"noopener\">Spherical Image &#8211; RICOH THETA<\/a><\/blockquote>\n<script async src=\"https:\/\/theta360.com\/widgets.js\" charset=\"utf-8\"><\/script>\n\n\n\n<p><\/p>\n\n\n\n<h2 class=\"wp-block-heading\">Horn\u00ed Stud\u00e9nky 17.1.2021 &#8211; 360\u00b0<\/h2>\n\n\n\n<blockquote data-width=\"900\" data-height=\"375\" class=\"ricoh-theta-spherical-image\" >Horn\u00ed Stud\u00e9nky 17.1.2021 &#8211; <a href=\"https:\/\/theta360.com\/s\/qtAYm5s3yude3YM8XyJAflkbw\" target=\"_blank\" rel=\"noopener\">Spherical Image &#8211; RICOH THETA<\/a><\/blockquote>\n<script async src=\"https:\/\/theta360.com\/widgets.js\" charset=\"utf-8\"><\/script>\n\n\n\n<p><\/p>\n\n\n\n<h2 class=\"wp-block-heading\">\u0160t\u00edty 17.1.2021 &#8211; 360\u00b0<\/h2>\n\n\n\n<blockquote data-width=\"900\" data-height=\"375\" class=\"ricoh-theta-spherical-image\" >\u0160t\u00edty 17.1.2021 #theta360 &#8211; <a href=\"https:\/\/theta360.com\/s\/h0GEA6bd5iSqeYhZl2tG4ktP6\" target=\"_blank\" rel=\"noopener\">Spherical Image &#8211; RICOH THETA<\/a><\/blockquote>\n<script async src=\"https:\/\/theta360.com\/widgets.js\" charset=\"utf-8\"><\/script>\n\n\n\n<p><\/p>\n\n\n\n<h2 class=\"wp-block-heading\">P\u00edsa\u0159ov 31.1.2021 &#8211; 360\u00b0<\/h2>\n\n\n\n<blockquote data-width=\"900\" data-height=\"375\" class=\"ricoh-theta-spherical-image\" >P\u00edsa\u0159ov 31.1.2021 #theta360 &#8211; <a href=\"https:\/\/theta360.com\/s\/2byqakA19IO67YohtuwciSxvc\" target=\"_blank\" rel=\"noopener\">Spherical Image &#8211; RICOH THETA<\/a><\/blockquote>\n<script async src=\"https:\/\/theta360.com\/widgets.js\" charset=\"utf-8\"><\/script>\n\n\n\n<p><\/p>\n\n\n\n<h2 class=\"wp-block-heading\">7.11.2020 Horn\u00ed Stud\u00e9nky a okol\u00ed &#8211; 360\u00b0<\/h2>\n\n\n\n<blockquote data-width=\"900\" data-height=\"375\" class=\"ricoh-theta-spherical-image\" >7.11.2020 Horn\u00ed Stud\u00e9nky a okol\u00ed #theta360 &#8211; <a href=\"https:\/\/theta360.com\/s\/e9DB5uwycKC1ugxaLYbQaizj6\" target=\"_blank\" rel=\"noopener\">Spherical Image &#8211; RICOH THETA<\/a><\/blockquote>\n<script async src=\"https:\/\/theta360.com\/widgets.js\" charset=\"utf-8\"><\/script>\n\n\n\n<p><\/p>\n\n\n\n<h2 class=\"wp-block-heading\">Zborov a okol\u00ed 25.4.2020 &#8211; 360\u00b0<\/h2>\n\n\n\n<blockquote data-width=\"900\" data-height=\"375\" class=\"ricoh-theta-spherical-image\" >Zborov a okol\u00ed &#8211; <a href=\"https:\/\/theta360.com\/s\/mfsocUo3HQKlyngx6Nt6Pz0r2\" target=\"_blank\" rel=\"noopener\">Spherical Image &#8211; RICOH THETA<\/a><\/blockquote>\n<script async src=\"https:\/\/theta360.com\/widgets.js\" charset=\"utf-8\"><\/script>\n\n\n\n<h2 class=\"wp-block-heading\"><\/h2>\n","protected":false},"excerpt":{"rendered":"<p>Praha 2023 galerie zde Nassfeld 2023 galerie zde **** Str\u00e1\u017en\u00e1 27.10.2022 &#8211; 360\u00b0 Str\u00e1\u017en\u00e1 27.10.2022 #theta360 &#8211; Spherical Image &#8211; RICOH THETA Boz\u00e9\u0148ov 360\u00b0 &#8211; 2021 Boz\u00e9\u0148ov 2021 #theta360 &#8211; Spherical Image &#8211; RICOH THETA Horn\u00ed Stud\u00e9nky 17.1.2021 &#8211; 360\u00b0 Horn\u00ed Stud\u00e9nky 17.1.2021 &#8211; Spherical Image &#8211; RICOH THETA \u0160t\u00edty 17.1.2021 &#8211; 360\u00b0 \u0160t\u00edty 17.1.2021 #theta360 &#8211; Spherical Image &#8211; RICOH THETA P\u00edsa\u0159ov 31.1.2021 &#8211; 360\u00b0 P\u00edsa\u0159ov 31.1.2021 #theta360 &#8211; Spherical Image &#8211; RICOH THETA 7.11.2020 Horn\u00ed Stud\u00e9nky a okol\u00ed &#8211; 360\u00b0 7.11.2020 Horn\u00ed Stud\u00e9nky a okol\u00ed #theta360 &#8211; Spherical <\/p>\n","protected":false},"author":1,"featured_media":40,"parent":0,"menu_order":0,"comment_status":"closed","ping_status":"closed","template":"","meta":[],"_links":{"self":[{"href":"https:\/\/icfoto.cz\/index.php?rest_route=\/wp\/v2\/pages\/82"}],"collection":[{"href":"https:\/\/icfoto.cz\/index.php?rest_route=\/wp\/v2\/pages"}],"about":[{"href":"https:\/\/icfoto.cz\/index.php?rest_route=\/wp\/v2\/types\/page"}],"author":[{"embeddable":true,"href":"https:\/\/icfoto.cz\/index.php?rest_route=\/wp\/v2\/users\/1"}],"replies":[{"embeddable":true,"href":"https:\/\/icfoto.cz\/index.php?rest_route=%2Fwp%2Fv2%2Fcomments&post=82"}],"version-history":[{"count":45,"href":"https:\/\/icfoto.cz\/index.php?rest_route=\/wp\/v2\/pages\/82\/revisions"}],"predecessor-version":[{"id":689,"href":"https:\/\/icfoto.cz\/index.php?rest_route=\/wp\/v2\/pages\/82\/revisions\/689"}],"wp:featuredmedia":[{"embeddable":true,"href":"https:\/\/icfoto.cz\/index.php?rest_route=\/wp\/v2\/media\/40"}],"wp:attachment":[{"href":"https:\/\/icfoto.cz\/index.php?rest_route=%2Fwp%2Fv2%2Fmedia&parent=82"}],"curies":[{"name":"wp","href":"https:\/\/api.w.org\/{rel}","templated":true}]}}